{"id":1445,"date":"2016-03-14T23:18:29","date_gmt":"2016-03-14T23:18:29","guid":{"rendered":"http:\/\/sol.fm.br\/radio\/?page_id=1445"},"modified":"2019-01-11T19:36:40","modified_gmt":"2019-01-11T21:36:40","slug":"player","status":"publish","type":"page","link":"http:\/\/sol.fm.br\/radio\/player\/","title":{"rendered":"As Mais Pedidas da Sol"},"content":{"rendered":"<div id=\"dslc-theme-content\"><div id=\"dslc-theme-content-inner\"><p><a href=\"http:\/\/sol.fm.br\/radio\/wp-content\/uploads\/2019\/01\/banner3.jpg\"><img loading=\"lazy\" decoding=\"async\" class=\"wp-image-19338 aligncenter\" src=\"http:\/\/sol.fm.br\/radio\/wp-content\/uploads\/2019\/01\/banner3.jpg\" alt=\"\" width=\"316\" height=\"113\" srcset=\"http:\/\/sol.fm.br\/radio\/wp-content\/uploads\/2019\/01\/banner3.jpg 3853w, http:\/\/sol.fm.br\/radio\/wp-content\/uploads\/2019\/01\/banner3-400x143.jpg 400w, http:\/\/sol.fm.br\/radio\/wp-content\/uploads\/2019\/01\/banner3-768x275.jpg 768w\" sizes=\"auto, (max-width: 316px) 100vw, 316px\" \/><\/a><\/p>\n<div class=\"wp-playlist wp-audio-playlist wp-playlist-light\">\n\t\t\t<div class=\"wp-playlist-current-item\"><\/div>\n\t\t<audio controls=\"controls\" preload=\"none\" width=\"1158\"\n\t\t\t><\/audio>\n\t<div class=\"wp-playlist-next\"><\/div>\n\t<div class=\"wp-playlist-prev\"><\/div>\n\t<noscript>\n\t<ol>\n\t\t<li><a href='http:\/\/sol.fm.br\/radio\/wp-content\/uploads\/2018\/10\/Mulher-Maravilha-Ao-Vivo.mp3'>Mulher Maravilha (Ao Vivo)<\/a><\/li><li><a href='http:\/\/sol.fm.br\/radio\/wp-content\/uploads\/2018\/10\/Gusttavo-Lima-Z\u00e9-da-Reca\u00edda.mp3'>Z\u00e9 da Reca\u00edda<\/a><\/li><li><a href='http:\/\/sol.fm.br\/radio\/wp-content\/uploads\/2018\/10\/Maiara-e-Maraisa-Cora\u00e7\u00e3o-Infectado-Guias.mp3'>Maiara e Maraisa Cora\u00e7\u00e3o Infectado Guias<\/a><\/li><li><a href='http:\/\/sol.fm.br\/radio\/wp-content\/uploads\/2018\/10\/Mar\u00edlia-Mendon\u00e7a-Ciumeira-Ao-Vivo.mp3'>Ciumeira (Ao Vivo)<\/a><\/li><li><a href='http:\/\/sol.fm.br\/radio\/wp-content\/uploads\/2018\/10\/Sofazinho-Luan-Santana.mp3'>Sofazinho (Ao Vivo)<\/a><\/li><li><a href='http:\/\/sol.fm.br\/radio\/wp-content\/uploads\/2018\/10\/TERCEIRO-AMANTE-MUSICAL-CALMON-PART-WILCEU-PAUSE.mp3'>TERCEIRO AMANTE - MUSICAL CALMON PART WILCEU PAUSE<\/a><\/li><li><a href='http:\/\/sol.fm.br\/radio\/wp-content\/uploads\/2018\/10\/Wesley-Safad\u00e3o-S\u00f3-Pra-Castigar.mp3'>S\u00f3 Pra Castigar<\/a><\/li><li><a href='http:\/\/sol.fm.br\/radio\/wp-content\/uploads\/2018\/10\/osatuaisosreisdobaile-fala-amor-lancamento-2018-5422f3ee.mp3'>Os Atuais - FALA AMOR (Lan\u00c3\u00a7amento 2018).mp3<\/a><\/li>\t<\/ol>\n\t<\/noscript>\n\t<script type=\"application\/json\" class=\"wp-playlist-script\">{\"type\":\"audio\",\"tracklist\":true,\"tracknumbers\":true,\"images\":true,\"artists\":true,\"tracks\":[{\"src\":\"http:\/\/sol.fm.br\/radio\/wp-content\/uploads\/2018\/10\/Mulher-Maravilha-Ao-Vivo.mp3\",\"type\":\"audio\/mpeg\",\"title\":\"Mulher Maravilha (Ao Vivo)\",\"caption\":\"\",\"description\":\"\\\"Mulher Maravilha (Ao Vivo)\\\" de Esquece o Mundo L\\u00e1 Fora (Ao Vivo) - Deluxe por Z\\u00e9 Neto &amp; Cristiano. Lan\\u00e7ado: 2018. Faixa 2. G\\u00eanero: Sertanejo.\",\"meta\":{\"artist\":\"Z\\u00e9 Neto &amp; Cristiano\",\"album\":\"Esquece o Mundo L\\u00e1 Fora (Ao Vivo) - Deluxe\",\"genre\":\"Sertanejo\",\"year\":\"2018\",\"length_formatted\":\"2:37\"},\"image\":{\"src\":\"http:\/\/sol.fm.br\/radio\/wp-content\/uploads\/2018\/10\/Mulher-Maravilha-Ao-Vivo-mp3-image.jpg\",\"width\":1400,\"height\":1400},\"thumb\":{\"src\":\"http:\/\/sol.fm.br\/radio\/wp-content\/uploads\/2018\/10\/Mulher-Maravilha-Ao-Vivo-mp3-image.jpg\",\"width\":96,\"height\":96}},{\"src\":\"http:\/\/sol.fm.br\/radio\/wp-content\/uploads\/2018\/10\/Gusttavo-Lima-Z\\u00e9-da-Reca\\u00edda.mp3\",\"type\":\"audio\/mpeg\",\"title\":\"Z\\u00e9 da Reca\\u00edda\",\"caption\":\"\",\"description\":\"\\\"Z\\u00e9 da Reca\\u00edda\\\" de Z\\u00e9 da Reca\\u00edda por Gusttavo Lima. Lan\\u00e7ado: 2018. Faixa 1. G\\u00eanero: Sertanejo.\",\"meta\":{\"artist\":\"Gusttavo Lima\",\"album\":\"Z\\u00e9 da Reca\\u00edda\",\"genre\":\"Sertanejo\",\"year\":\"2018\",\"length_formatted\":\"2:49\"},\"image\":{\"src\":\"http:\/\/sol.fm.br\/radio\/wp-content\/uploads\/2018\/10\/Gusttavo-Lima-Z\\u00e9-da-Reca\\u00edda-mp3-image.jpg\",\"width\":1400,\"height\":1400},\"thumb\":{\"src\":\"http:\/\/sol.fm.br\/radio\/wp-content\/uploads\/2018\/10\/Gusttavo-Lima-Z\\u00e9-da-Reca\\u00edda-mp3-image.jpg\",\"width\":96,\"height\":96}},{\"src\":\"http:\/\/sol.fm.br\/radio\/wp-content\/uploads\/2018\/10\/Maiara-e-Maraisa-Cora\\u00e7\\u00e3o-Infectado-Guias.mp3\",\"type\":\"audio\/mpeg\",\"title\":\"Maiara e Maraisa Cora\\u00e7\\u00e3o Infectado Guias\",\"caption\":\"\",\"description\":\"\\\"Maiara e Maraisa Cora\\u00e7\\u00e3o Infectado Guias\\\".\",\"meta\":{\"length_formatted\":\"2:41\"},\"image\":{\"src\":\"http:\/\/sol.fm.br\/radio\/wp-includes\/images\/media\/audio.svg\",\"width\":48,\"height\":64},\"thumb\":{\"src\":\"http:\/\/sol.fm.br\/radio\/wp-includes\/images\/media\/audio.svg\",\"width\":48,\"height\":64}},{\"src\":\"http:\/\/sol.fm.br\/radio\/wp-content\/uploads\/2018\/10\/Mar\\u00edlia-Mendon\\u00e7a-Ciumeira-Ao-Vivo.mp3\",\"type\":\"audio\/mpeg\",\"title\":\"Ciumeira (Ao Vivo)\",\"caption\":\"\",\"description\":\"\\\"Ciumeira (Ao Vivo)\\\" de Ciumeira (Ao Vivo) por Mar\\u00edlia Mendon\\u00e7a. Lan\\u00e7ado: 2018. Faixa 1. G\\u00eanero: Sertanejo.\",\"meta\":{\"artist\":\"Mar\\u00edlia Mendon\\u00e7a\",\"album\":\"Ciumeira (Ao Vivo)\",\"genre\":\"Sertanejo\",\"year\":\"2018\",\"length_formatted\":\"3:10\"},\"image\":{\"src\":\"http:\/\/sol.fm.br\/radio\/wp-content\/uploads\/2018\/10\/Mar\\u00edlia-Mendon\\u00e7a-Ciumeira-Ao-Vivo-mp3-image.jpg\",\"width\":1400,\"height\":1400},\"thumb\":{\"src\":\"http:\/\/sol.fm.br\/radio\/wp-content\/uploads\/2018\/10\/Mar\\u00edlia-Mendon\\u00e7a-Ciumeira-Ao-Vivo-mp3-image.jpg\",\"width\":96,\"height\":96}},{\"src\":\"http:\/\/sol.fm.br\/radio\/wp-content\/uploads\/2018\/10\/Sofazinho-Luan-Santana.mp3\",\"type\":\"audio\/mpeg\",\"title\":\"Sofazinho (Ao Vivo)\",\"caption\":\"\",\"description\":\"\\\"Sofazinho (Ao Vivo)\\\" de Live-M\\u00f3vel (Ao Vivo) por Luan Santana. Lan\\u00e7ado: 2018. G\\u00eanero: Brazilian Pop.\",\"meta\":{\"artist\":\"Luan Santana\",\"album\":\"Live-M\\u00f3vel (Ao Vivo)\",\"genre\":\"Brazilian Pop\",\"year\":\"2018\",\"length_formatted\":\"3:08\"},\"image\":{\"src\":\"http:\/\/sol.fm.br\/radio\/wp-content\/uploads\/2018\/10\/Sofazinho-Luan-Santana-mp3-image.png\",\"width\":150,\"height\":150},\"thumb\":{\"src\":\"http:\/\/sol.fm.br\/radio\/wp-content\/uploads\/2018\/10\/Sofazinho-Luan-Santana-mp3-image.png\",\"width\":96,\"height\":96}},{\"src\":\"http:\/\/sol.fm.br\/radio\/wp-content\/uploads\/2018\/10\/TERCEIRO-AMANTE-MUSICAL-CALMON-PART-WILCEU-PAUSE.mp3\",\"type\":\"audio\/mpeg\",\"title\":\"TERCEIRO AMANTE - MUSICAL CALMON PART WILCEU PAUSE\",\"caption\":\"\",\"description\":\"\\\"TERCEIRO AMANTE - MUSICAL CALMON PART WILCEU PAUSE\\\" de BDS LAN\\u00c7AMENTOS 2018!  por MUSICAL CALMON PART WILCEU PAUSE.\",\"meta\":{\"artist\":\"MUSICAL CALMON PART WILCEU PAUSE\",\"album\":\"BDS LAN\\u00c7AMENTOS 2018! \",\"length_formatted\":\"3:22\"},\"image\":{\"src\":\"http:\/\/sol.fm.br\/radio\/wp-content\/uploads\/2018\/10\/TERCEIRO-AMANTE-MUSICAL-CALMON-PART-WILCEU-PAUSE-mp3-image.jpg\",\"width\":656,\"height\":768},\"thumb\":{\"src\":\"http:\/\/sol.fm.br\/radio\/wp-content\/uploads\/2018\/10\/TERCEIRO-AMANTE-MUSICAL-CALMON-PART-WILCEU-PAUSE-mp3-image.jpg\",\"width\":82,\"height\":96}},{\"src\":\"http:\/\/sol.fm.br\/radio\/wp-content\/uploads\/2018\/10\/Wesley-Safad\\u00e3o-S\\u00f3-Pra-Castigar.mp3\",\"type\":\"audio\/mpeg\",\"title\":\"S\\u00f3 Pra Castigar\",\"caption\":\"\",\"description\":\"\\\"S\\u00f3 Pra Castigar\\\" de Ws Mais uma Vez por Wesley Safad\\u00e3o. Faixa 6.\",\"meta\":{\"artist\":\"Wesley Safad\\u00e3o\",\"album\":\"Ws Mais uma Vez\",\"length_formatted\":\"2:44\"},\"image\":{\"src\":\"http:\/\/sol.fm.br\/radio\/wp-includes\/images\/media\/audio.svg\",\"width\":48,\"height\":64},\"thumb\":{\"src\":\"http:\/\/sol.fm.br\/radio\/wp-includes\/images\/media\/audio.svg\",\"width\":48,\"height\":64}},{\"src\":\"http:\/\/sol.fm.br\/radio\/wp-content\/uploads\/2018\/10\/osatuaisosreisdobaile-fala-amor-lancamento-2018-5422f3ee.mp3\",\"type\":\"audio\/mpeg\",\"title\":\"Os Atuais - FALA AMOR (Lan\\u00c3\\u00a7amento 2018).mp3\",\"caption\":\"\",\"description\":\"\\\"Os Atuais - FALA AMOR (Lan\\u00c3\\u00a7amento 2018).mp3\\\" por Banda Os Atuais.\",\"meta\":{\"artist\":\"Banda Os Atuais\",\"length_formatted\":\"2:56\"},\"image\":{\"src\":\"http:\/\/sol.fm.br\/radio\/wp-includes\/images\/media\/audio.svg\",\"width\":48,\"height\":64},\"thumb\":{\"src\":\"http:\/\/sol.fm.br\/radio\/wp-includes\/images\/media\/audio.svg\",\"width\":48,\"height\":64}}]}<\/script>\n<\/div>\n\t\n<\/div><\/div>","protected":false},"excerpt":{"rendered":"","protected":false},"author":2,"featured_media":1272,"parent":0,"menu_order":0,"comment_status":"closed","ping_status":"closed","template":"","meta":{"footnotes":""},"class_list":["post-1445","page","type-page","status-publish","has-post-thumbnail","hentry"],"_links":{"self":[{"href":"http:\/\/sol.fm.br\/radio\/wp-json\/wp\/v2\/pages\/1445","targetHints":{"allow":["GET"]}}],"collection":[{"href":"http:\/\/sol.fm.br\/radio\/wp-json\/wp\/v2\/pages"}],"about":[{"href":"http:\/\/sol.fm.br\/radio\/wp-json\/wp\/v2\/types\/page"}],"author":[{"embeddable":true,"href":"http:\/\/sol.fm.br\/radio\/wp-json\/wp\/v2\/users\/2"}],"replies":[{"embeddable":true,"href":"http:\/\/sol.fm.br\/radio\/wp-json\/wp\/v2\/comments?post=1445"}],"version-history":[{"count":26,"href":"http:\/\/sol.fm.br\/radio\/wp-json\/wp\/v2\/pages\/1445\/revisions"}],"predecessor-version":[{"id":19339,"href":"http:\/\/sol.fm.br\/radio\/wp-json\/wp\/v2\/pages\/1445\/revisions\/19339"}],"wp:featuredmedia":[{"embeddable":true,"href":"http:\/\/sol.fm.br\/radio\/wp-json\/wp\/v2\/media\/1272"}],"wp:attachment":[{"href":"http:\/\/sol.fm.br\/radio\/wp-json\/wp\/v2\/media?parent=1445"}],"curies":[{"name":"wp","href":"https:\/\/api.w.org\/{rel}","templated":true}]}}