{"id":1619,"date":"2016-03-30T08:58:56","date_gmt":"2016-03-30T11:58:56","guid":{"rendered":"http:\/\/sol.fm.br\/radio\/?page_id=1619"},"modified":"2018-09-27T11:31:41","modified_gmt":"2018-09-27T14:31:41","slug":"quem-somos","status":"publish","type":"page","link":"https:\/\/sol.fm.br\/radio\/quem-somos\/","title":{"rendered":"Quem somos"},"content":{"rendered":"<div id=\"dslc-theme-content\"><div id=\"dslc-theme-content-inner\"><div id=\"dslc-main\">\n<div  class=\"dslc-modules-section \" style=\"padding-bottom:15px;padding-top:15px;\" data-section-id=\"d3125b9cda9\">\n<div class=\"dslc-modules-section-wrapper dslc-clearfix\">\n<style type=\"text\/css\" id=\"dslca-modules-area-\"><\/style>\n<div  class=\"dslc-modules-area dslc-col dslc-2-col dslc-first-col dslc-valign- \" data-size=\"2\" data-valign=\"\" data-modules-area-id=\"\" ><\/div>\n<style type=\"text\/css\" id=\"dslca-modules-area-\"><\/style>\n<div  class=\"dslc-modules-area dslc-col dslc-8-col  dslc-valign- \" data-size=\"8\" data-valign=\"\" data-modules-area-id=\"\" ><\/div>\n<style type=\"text\/css\" id=\"dslca-modules-area-\"><\/style>\n<div  class=\"dslc-modules-area dslc-col dslc-2-col dslc-last-col dslc-valign- \" data-size=\"2\" data-valign=\"\" data-modules-area-id=\"\" ><\/div>\n<\/div>\n<\/div>\n<div  class=\"dslc-modules-section \" style=\"background-color:#eaeaea;\" data-section-id=\"d3125b9cda9\">\n<div class=\"dslc-modules-section-wrapper dslc-clearfix\">\n<style type=\"text\/css\" id=\"dslca-modules-area-\"><\/style>\n<div  class=\"dslc-modules-area dslc-col dslc-12-col dslc-last-col dslc-valign- \" data-size=\"12\" data-valign=\"\" data-modules-area-id=\"\" >\n<div id=\"dslc-module-d7a7dd2c887\" class=\"dslc-module-front dslc-module-DSLC_Text_Simple dslc-in-viewport-check dslc-in-viewport-anim-none  dslc-col dslc-12-col dslc-last-col  dslc-module-handle-like-regular \" data-module-id=\"d7a7dd2c887\" data-module=\"DSLC_Text_Simple\" data-dslc-module-size=\"12\" data-dslc-anim=\"none\" data-dslc-anim-delay=\"\" data-dslc-anim-duration=\"650\"  data-dslc-anim-easing=\"ease\" data-dslc-preset=\"none\" >\n<div class=\"dslc-text-module-content\">\n<p><strong>QUEM SOMOS <\/strong><\/p>\n<p><strong>\u00a0<\/strong><\/p>\n<p>A <strong>R\u00e1dio SOL FM 107.3<\/strong>, \u00a0\u00e9 uma empresa de radiodifus\u00e3o moderna,\u00a0 formalizada em Janeiro do ano de 2013, e mais do que isso, \u00e9 uma r\u00e1dio atenta as tend\u00eancias atuais. Buscando assim, realizar e prestar servi\u00e7os qualificados quanto a comunica\u00e7\u00e3o, a informa\u00e7\u00e3o prestada e ao entretenimento.<\/p>\n<p>Nossa programa\u00e7\u00e3o musical \u00e9 descontra\u00edda, descolada, ecl\u00e9tica com bom gosto e popular. Tendo em nossa \u00e1rea de abrang\u00eancia as principais cidades do:\u00a0 <strong>Vale do Paranhana, Vale do Sinos, Regi\u00e3o Metropolitana de Porto Alegre, Serra <\/strong>e<strong> Litoral.<\/strong><\/p>\n<p>Satisfazer, alegrar e trazer bons resultados aos nossos clientes, ouvintes, parceiros e comunidade s\u00e3o os nossos desafios. Desta forma, a energia que nos contagia, \u00e9 a de melhorar e crescer a cada novo dia.<\/p>\n<p>Acreditamos que as pessoas fazem as coisas acontecer. Por isso, somos pr\u00e1ticos, leais e objetivos com nossos clientes. Contando com profissionais capacitados e comprometidos em dar informa\u00e7\u00f5es concretas, estabelecendo uma rela\u00e7\u00e3o transparente com todo o nosso p\u00fablico.<\/p>\n<p>\u00a0<\/p>\n<hr>\n<p>\u00a0<\/p>\n<p><strong>Miss\u00e3o, Vis\u00e3o e Valores<\/strong><\/p>\n<p><strong>Miss\u00e3o:<\/strong> Aproximar as pessoas, sendo fonte de comunica\u00e7\u00e3o para realizar novos neg\u00f3cios e dar visibilidade regional.<\/p>\n<p>\u00a0<\/p>\n<p><strong>Vis\u00e3o:<\/strong> Estar entre as melhores r\u00e1dios do Rio Grande do Sul, ser rent\u00e1vel e lucrativa.<\/p>\n<p>\u00a0<\/p>\n<p><strong>Valores:<\/strong> Transpar\u00eancia e confian\u00e7a no dia-a-dia. Fazer o certo sempre para ter credibilidade. Compromisso com a regi\u00e3o e clientes. Sustentabilidade do neg\u00f3cio. Simplicidade nas rela\u00e7\u00f5es. \u00c9tica e ousadia para crescer. Respeito com as pessoas. Velocidade de resposta.<\/p>\n<p>\u00a0<\/p>\n<hr>\n<p>\u00a0<\/p>\n<p><strong>Hor\u00e1rio Comercial:<\/strong><br \/>Segunda a sexta-feira<br \/>Manh\u00e3s: das 08h30min. \u00e0s 11h30min.<br \/>Tardes: das 13h30min. \u00e0s 17h30min.<\/p>\n<p>\u00a0<\/p>\n<hr>\n<p>\u00a0<\/p>\n<p><strong>Contatos<\/strong><br \/>Fone: (51) 3547-1055 ou (51) 3547-1808<br \/>E-mail: <a href=\"mailto:contato@sol.fm.br\">contato@sol.fm.br<\/a>\u00a0\u00a0\u00a0 \/\u00a0\u00a0 <a href=\"mailto:comercial@sol.fm.br\">comercial@sol.fm.br<\/a>\u00a0\u00a0 \/ <a href=\"mailto:gpasquali18@yahoo.com.br\">gpasquali18@yahoo.com.br<\/a> <br \/>Site: <a href=\"http:\/\/www.sol.fm.br\">www.sol.fm.br<\/a><\/p>\n<p>\u00a0<\/p>\n<hr>\n<p>\u00a0<\/p>\n<p><strong>Nossa Raz\u00e3o Social e Endere\u00e7o<\/strong><br \/>Sociedade R\u00e1dio Rolante Ltda \u2013 ME<br \/>Nome Fantasia: SOL FM 107.3<br \/>Rua 28 de Fevereiro, 623 \u2013 Centro \u2013 Rolante \u2013 Rio Grande do Sul \u2013 Brasil<br \/>CNPJ: 03.800.241\/0001-03<br \/>Inscri\u00e7\u00e3o Estadual: 1030030828<\/p>\n<p>\u00a0<\/p>\n<\/p><\/div>\n<\/p><\/div>\n<p><!-- .dslc-module -->\n\t\t<\/div>\n<\/div>\n<\/div>\n<\/div>\n<\/div><\/div>","protected":false},"excerpt":{"rendered":"<p>QUEM SOMOS \u00a0 A R\u00e1dio SOL FM 107.3, \u00a0\u00e9 uma empresa de radiodifus\u00e3o moderna,\u00a0 formalizada em Janeiro do ano de 2013, e mais do que isso, \u00e9 uma r\u00e1dio atenta as tend\u00eancias atuais. Buscando assim, realizar e prestar servi\u00e7os qualificados quanto a comunica\u00e7\u00e3o, a informa\u00e7\u00e3o prestada e ao entretenimento. Nossa programa\u00e7\u00e3o musical \u00e9 descontra\u00edda, descolada, [&hellip;]<\/p>\n","protected":false},"author":2,"featured_media":0,"parent":0,"menu_order":0,"comment_status":"closed","ping_status":"closed","template":"","meta":{"footnotes":""},"class_list":["post-1619","page","type-page","status-publish","hentry"],"_links":{"self":[{"href":"https:\/\/sol.fm.br\/radio\/wp-json\/wp\/v2\/pages\/1619","targetHints":{"allow":["GET"]}}],"collection":[{"href":"https:\/\/sol.fm.br\/radio\/wp-json\/wp\/v2\/pages"}],"about":[{"href":"https:\/\/sol.fm.br\/radio\/wp-json\/wp\/v2\/types\/page"}],"author":[{"embeddable":true,"href":"https:\/\/sol.fm.br\/radio\/wp-json\/wp\/v2\/users\/2"}],"replies":[{"embeddable":true,"href":"https:\/\/sol.fm.br\/radio\/wp-json\/wp\/v2\/comments?post=1619"}],"version-history":[{"count":17,"href":"https:\/\/sol.fm.br\/radio\/wp-json\/wp\/v2\/pages\/1619\/revisions"}],"predecessor-version":[{"id":16835,"href":"https:\/\/sol.fm.br\/radio\/wp-json\/wp\/v2\/pages\/1619\/revisions\/16835"}],"wp:attachment":[{"href":"https:\/\/sol.fm.br\/radio\/wp-json\/wp\/v2\/media?parent=1619"}],"curies":[{"name":"wp","href":"https:\/\/api.w.org\/{rel}","templated":true}]}}