{"id":69522,"date":"2024-11-07T11:19:36","date_gmt":"2024-11-07T14:19:36","guid":{"rendered":"https:\/\/sol.fm.br\/radio\/?page_id=69522"},"modified":"2024-11-07T11:19:37","modified_gmt":"2024-11-07T14:19:37","slug":"app2","status":"publish","type":"page","link":"https:\/\/sol.fm.br\/radio\/app2\/","title":{"rendered":"App2"},"content":{"rendered":"<div id=\"dslc-theme-content\"><div id=\"dslc-theme-content-inner\"><div id=\"dslc-main\">\n<div  class=\"dslc-modules-section \" style=\"padding-bottom:0px;padding-top:0px;\" data-section-id=\"02a57ece0ac\">\n<div class=\"dslc-modules-section-wrapper dslc-clearfix\">\n<style type=\"text\/css\" id=\"dslca-modules-area-\"><\/style>\n<div  class=\"dslc-modules-area dslc-col dslc-12-col dslc-last-col dslc-valign- \" data-size=\"12\" data-valign=\"\" data-modules-area-id=\"\" >\n<div id=\"dslc-module-59007149008\" class=\"dslc-module-front dslc-module-DSLC_Html dslc-in-viewport-check dslc-in-viewport-anim-none  dslc-col dslc-12-col dslc-last-col  dslc-module-handle-like-regular \" data-module-id=\"59007149008\" data-module=\"DSLC_Html\" data-dslc-module-size=\"12\" data-dslc-anim=\"none\" data-dslc-anim-delay=\"\" data-dslc-anim-duration=\"650\"  data-dslc-anim-easing=\"ease\" data-dslc-preset=\"none\" >\n<div class=\"dslc-html-module-content\"><\/div>\n<\/p><\/div>\n<p><!-- .dslc-module --><\/p>\n<div id=\"dslc-module-f4f136deab1\" class=\"dslc-module-front dslc-module-DSLC_Navigation dslc-in-viewport-check dslc-in-viewport-anim-none  dslc-col dslc-12-col dslc-last-col  dslc-module-handle-like-regular \" data-module-id=\"f4f136deab1\" data-module=\"DSLC_Navigation\" data-dslc-module-size=\"12\" data-dslc-anim=\"none\" data-dslc-anim-delay=\"0\" data-dslc-anim-duration=\"650\"  data-dslc-anim-easing=\"default\" data-dslc-preset=\"none\" >\n<div class=\"dslc-navigation dslc-navigation-sub-position-default dslc-navigation-res-t-disabled dslc-navigation-res-p-enabled dslc-navigation-orientation-horizontal\">\n<div class=\"dslc-navigation-inner\">\n\t\t\t\t\t<div class=\"menu-menu-app-container\"><ul id=\"menu-menu-app\" class=\"menu\"><li id=\"menu-item-69602\" class=\"menu-item menu-item-type-custom menu-item-object-custom menu-item-69602\"><a href=\"http:\/\/www.sol.fm\/radio\">NOTICIAS<\/a><\/li>\n<li id=\"menu-item-69529\" class=\"menu-item menu-item-type-post_type menu-item-object-page menu-item-69529\"><a href=\"https:\/\/sol.fm.br\/radio\/app2\/\">C\u00c2MERA AO VIVO<\/a><\/li>\n<li id=\"menu-item-69530\" class=\"menu-item menu-item-type-custom menu-item-object-custom menu-item-69530\"><a href=\"https:\/\/api.whatsapp.com\/send?phone=5551995127310&#038;text=Ol\u00e1,%20Pe\u00e7a%20sua%20m\u00fasica,%20deixe%20seu%20recado.%20\">FALE COM OS COMUNICADORES<\/a><\/li>\n<\/ul><\/div>\n\t\t\t\t\t\t\t\t\t<\/div>\n<\/p><\/div>\n<div class=\"dslc-mobile-navigation dslc-navigation-res-t-disabled  dslc-navigation-res-p-enabled\">\n\t\t\t\t<select><option>- Select -<\/option><option value=\"http:\/\/www.sol.fm\/radio\" >NOTICIAS<\/option><option value=\"https:\/\/sol.fm.br\/radio\/app2\/\" >C\u00c2MERA AO VIVO<\/option><option value=\"https:\/\/api.whatsapp.com\/send?phone=5551995127310&text=Ol\u00e1,%20Pe\u00e7a%20sua%20m\u00fasica,%20deixe%20seu%20recado.%20\" >FALE COM OS COMUNICADORES<\/option><\/select><\/p>\n<div class=\"dslc-mobile-navigation-hook\"><span class=\"dslc-icon dslc-icon-reorder\"><\/span><\/div>\n<\/p><\/div>\n<p><!-- .dslc-mobile-navigation --><\/p>\n<p>\t\t\t<script type=\"text\/javascript\">\n\t\t\t\tvar menuItems = document.querySelectorAll( '.dslc-navigation .menu > li.menu-item-has-children:not(.menu-with-arrow) > a' );<\/p>\n<p>\t\t\t\tfor (var i = 0, len = menuItems.length; i < len; i++) {\n\t\t\t\t  menuItems[i].insertAdjacentHTML('afterend', '<span class=\"dslc-navigation-arrow dslc-icon dslc-icon-chevron-down\"><\/span>');\n\t\t\t\t  menuItems[i].parentElement.className += \" menu-with-arrow\";\n\t\t\t\t}\n\t\t\t<\/script><\/p><\/div>\n<p><!-- .dslc-module --><\/p>\n<div id=\"dslc-module-9f2903e2d5d\" class=\"dslc-module-front dslc-module-DSLC_Html dslc-in-viewport-check dslc-in-viewport-anim-none  dslc-col dslc-12-col dslc-last-col  dslc-module-handle-like-regular \" data-module-id=\"9f2903e2d5d\" data-module=\"DSLC_Html\" data-dslc-module-size=\"12\" data-dslc-anim=\"none\" data-dslc-anim-delay=\"0\" data-dslc-anim-duration=\"650\"  data-dslc-anim-easing=\"ease\" data-dslc-preset=\"none\" >\n<div class=\"dslc-html-module-content\"><center><iframe loading=\"lazy\" class=\"jmvplayer\" src=\"https:\/\/player.jmvstream.com\/lvw\/YYGWo5wfZuZ8fEW7Qoq1ISwhLSEDhU\" allowfullscreen allow=\"autoplay; fullscreen\" frameborder=\"0\" width=\"100%\" height=\"200\" ><\/iframe><\/center><\/div>\n<\/p><\/div>\n<p><!-- .dslc-module -->\n\t\t<\/div>\n<\/div>\n<\/div>\n<div  class=\"dslc-modules-section \" style=\"padding-bottom:0px;padding-top:0px;\" data-section-id=\"aa049f00281\">\n<div class=\"dslc-modules-section-wrapper dslc-clearfix\">\n<style type=\"text\/css\" id=\"dslca-modules-area-\"><\/style>\n<div  class=\"dslc-modules-area dslc-col dslc-12-col dslc-last-col dslc-valign- \" data-size=\"12\" data-valign=\"\" data-modules-area-id=\"\" >\n<div id=\"dslc-module-53c00ec3e8b\" class=\"dslc-module-front dslc-module-DSLC_Posts dslc-in-viewport-check dslc-in-viewport-anim-none  dslc-col dslc-12-col dslc-last-col  dslc-module-handle-like-regular \" data-module-id=\"53c00ec3e8b\" data-module=\"DSLC_Posts\" data-dslc-module-size=\"12\" data-dslc-anim=\"none\" data-dslc-anim-delay=\"\" data-dslc-anim-duration=\"650\"  data-dslc-anim-easing=\"ease\" data-dslc-preset=\"none\" >\n\t\t<div class=\"dslc-posts dslc-cpt-posts dslc-clearfix dslc-cpt-posts-type-carousel dslc-posts-orientation-vertical \">\r\n\r\n\t\t\t\r\n\t\t\t<div class=\"dslc-posts-inner\">\t\t\t\t\t<div class=\"dslc-loader\"><\/div>\r\n\t\t\t\t\t<div class=\"dslc-carousel\"\r\n\t\t\t\t\t\tdata-stop-on-hover=\"true\"\r\n\t\t\t\t\t\tdata-autoplay=\"3000\"\r\n\t\t\t\t\t\tdata-columns=\"6\"\r\n\t\t\t\t\t\tdata-pagination=\"false\"\r\n\t\t\t\t\t\tdata-slide-speed=\"200\"\r\n\t\t\t\t\t\tdata-pagination-speed=\"800\">\r\n\t\t\t\t\t<div class=\"dslc-post dslc-cpt-post dslc-carousel-item dslc-col dslc-2-col  dslc-first-col\" data-cats=\"\">\r\n\t\t\t\t\t\t\r\n\t\t\t\t\t\t\r\n\t\t\t\t\t\t\t<div class=\"dslc-post-main dslc-cpt-post-main\">\r\n\r\n\t\t\t\t\t\t\t\t\r\n\t\t\t\t\t\t\t\t\t<div class=\"dslc-cpt-post-title\">\r\n\t\t\t\t\t\t\t\t\t\t<h2><a href=\"https:\/\/sol.fm.br\/radio\/fim-da-aliquota-zero-de-pis-cofins-encarece-insumos-e-pressiona-custo-de-producao-no-agro\/\">Fim da al\u00edquota zero de PIS\/Cofins encarece insumos e pressiona custo de produ\u00e7\u00e3o no agro<\/a><\/h2>\r\n\t\t\t\t\t\t\t\t\t<\/div><!-- .dslc-cpt-post-title -->\r\n\r\n\t\t\t\t\t\t\t\t\r\n\t\t\t\t\t\t\t\t\r\n\t\t\t\t\t\t\t\t\r\n\t\t\t\t\t\t\t\t\r\n\t\t\t\t\t\t\t<\/div><!-- .dslc-cpt-post-main -->\r\n\r\n\t\t\t\t\t\t\r\n\t\t\t\t\t<\/div><!-- .dslc-cpt-post -->\r\n\t\t\t\t\t<div class=\"dslc-post dslc-cpt-post dslc-carousel-item dslc-col dslc-2-col \" data-cats=\"\">\r\n\t\t\t\t\t\t\r\n\t\t\t\t\t\t\r\n\t\t\t\t\t\t\t<div class=\"dslc-post-main dslc-cpt-post-main\">\r\n\r\n\t\t\t\t\t\t\t\t\r\n\t\t\t\t\t\t\t\t\t<div class=\"dslc-cpt-post-title\">\r\n\t\t\t\t\t\t\t\t\t\t<h2><a href=\"https:\/\/sol.fm.br\/radio\/abril-marrom-especialista-do-cejam-responde-as-principais-duvidas-sobre-a-perda-de-visao-na-terceira-idade\/\">Abril Marrom: especialista do CEJAM responde \u00e0s principais d\u00favidas sobre a perda de vis\u00e3o na terceira idade<\/a><\/h2>\r\n\t\t\t\t\t\t\t\t\t<\/div><!-- .dslc-cpt-post-title -->\r\n\r\n\t\t\t\t\t\t\t\t\r\n\t\t\t\t\t\t\t\t\r\n\t\t\t\t\t\t\t\t\r\n\t\t\t\t\t\t\t\t\r\n\t\t\t\t\t\t\t<\/div><!-- .dslc-cpt-post-main -->\r\n\r\n\t\t\t\t\t\t\r\n\t\t\t\t\t<\/div><!-- .dslc-cpt-post -->\r\n\t\t\t\t\t<div class=\"dslc-post dslc-cpt-post dslc-carousel-item dslc-col dslc-2-col \" data-cats=\"\">\r\n\t\t\t\t\t\t\r\n\t\t\t\t\t\t\r\n\t\t\t\t\t\t\t<div class=\"dslc-post-main dslc-cpt-post-main\">\r\n\r\n\t\t\t\t\t\t\t\t\r\n\t\t\t\t\t\t\t\t\t<div class=\"dslc-cpt-post-title\">\r\n\t\t\t\t\t\t\t\t\t\t<h2><a href=\"https:\/\/sol.fm.br\/radio\/governo-do-estado-amplia-influencia-nos-repasses-estaduais-aos-municipios-em-2025-com-o-programa-de-integracao-tributaria\/\">Governo do Estado amplia influ\u00eancia nos repasses estaduais aos munic\u00edpios em 2025 com o Programa de Integra\u00e7\u00e3o Tribut\u00e1ria<\/a><\/h2>\r\n\t\t\t\t\t\t\t\t\t<\/div><!-- .dslc-cpt-post-title -->\r\n\r\n\t\t\t\t\t\t\t\t\r\n\t\t\t\t\t\t\t\t\r\n\t\t\t\t\t\t\t\t\r\n\t\t\t\t\t\t\t\t\r\n\t\t\t\t\t\t\t<\/div><!-- .dslc-cpt-post-main -->\r\n\r\n\t\t\t\t\t\t\r\n\t\t\t\t\t<\/div><!-- .dslc-cpt-post -->\r\n\t\t\t\t\t<div class=\"dslc-post dslc-cpt-post dslc-carousel-item dslc-col dslc-2-col \" data-cats=\"\">\r\n\t\t\t\t\t\t\r\n\t\t\t\t\t\t\r\n\t\t\t\t\t\t\t<div class=\"dslc-post-main dslc-cpt-post-main\">\r\n\r\n\t\t\t\t\t\t\t\t\r\n\t\t\t\t\t\t\t\t\t<div class=\"dslc-cpt-post-title\">\r\n\t\t\t\t\t\t\t\t\t\t<h2><a href=\"https:\/\/sol.fm.br\/radio\/7-fatos-sobre-o-ciclo-solar-25-que-afetam-diretamente-a-agricultura-de-precisao-no-brasil\/\">7 fatos sobre o Ciclo Solar 25 que afetam diretamente a agricultura de precis\u00e3o no Brasil<\/a><\/h2>\r\n\t\t\t\t\t\t\t\t\t<\/div><!-- .dslc-cpt-post-title -->\r\n\r\n\t\t\t\t\t\t\t\t\r\n\t\t\t\t\t\t\t\t\r\n\t\t\t\t\t\t\t\t\r\n\t\t\t\t\t\t\t\t\r\n\t\t\t\t\t\t\t<\/div><!-- .dslc-cpt-post-main -->\r\n\r\n\t\t\t\t\t\t\r\n\t\t\t\t\t<\/div><!-- .dslc-cpt-post -->\t\t\t\t\t<\/div><!-- dslc-carousel -->\t\t\t<\/div><!--.dslc-posts-inner -->\r\n\r\n\t\t\t\r\n\t\t<\/div><!-- .dslc-cpt-posts --><\/div>\n<p><!-- .dslc-module --><\/p>\n<div id=\"dslc-module-d8fb228dbd3\" class=\"dslc-module-front dslc-module-DSLC_Button dslc-in-viewport-check dslc-in-viewport-anim-none  dslc-col dslc-12-col dslc-last-col  dslc-module-handle-like-regular \" data-module-id=\"d8fb228dbd3\" data-module=\"DSLC_Button\" data-dslc-module-size=\"12\" data-dslc-anim=\"none\" data-dslc-anim-delay=\"0\" data-dslc-anim-duration=\"650\"  data-dslc-anim-easing=\"ease\" data-dslc-preset=\"none\" >\n<div class=\"dslc-button\">\n\t\t\t\t\t\t\t\t\t<a href=\"https:\/\/api.whatsapp.com\/send?phone=5551995127310&text=Ol\u00e1,%20Pe\u00e7a%20sua%20m\u00fasica,%20deixe%20seu%20recado.%20\" target=\"_blank\"  onClick=\"\" class=\"\"><br \/>\n\t\t\t\t\t\t\t\t\t\t\t\t\t\t\t\t\t\t\t\t\t<span class=\"dslc-icon dslc-icon-commenting-o\"><\/span><br \/>\n\t\t\t\t\t\t\t\t\t\t\t\t\t\t\t\t\t\t\t\t\t\t\t\t\t\t<span>Fale com os comunicadores<\/span><br \/>\n\t\t\t\t\t\t\t\t\t\t\t\t\t\t\t\t\t<\/a>\n\t\t\t\t\t\t\t<\/div>\n<p><!-- .dslc-button --><\/p><\/div>\n<p><!-- .dslc-module --><\/p>\n<div id=\"dslc-module-rcf6p6f43a\" class=\"dslc-module-front dslc-module-DSLC_Button dslc-in-viewport-check dslc-in-viewport-anim-none  dslc-col dslc-12-col dslc-last-col  dslc-module-handle-like-regular \" data-module-id=\"rcf6p6f43a\" data-module=\"DSLC_Button\" data-dslc-module-size=\"12\" data-dslc-anim=\"none\" data-dslc-anim-delay=\"0\" data-dslc-anim-duration=\"650\"  data-dslc-anim-easing=\"ease\" data-dslc-preset=\"none\" >\n<div class=\"dslc-button\">\n\t\t\t\t\t\t\t\t\t<a href=\"https:\/\/sol.fm.br\/radio\/app\/\" target=\"_self\"  onClick=\"\" class=\"\"><br \/>\n\t\t\t\t\t\t\t\t\t\t\t\t\t\t\t\t\t\t\t\t\t<span class=\"dslc-icon dslc-icon-caret-right\"><\/span><br \/>\n\t\t\t\t\t\t\t\t\t\t\t\t\t\t\t\t\t\t\t\t\t\t\t\t\t\t<span>Player da R\u00e1dio<\/span><br \/>\n\t\t\t\t\t\t\t\t\t\t\t\t\t\t\t\t\t<\/a>\n\t\t\t\t\t\t\t<\/div>\n<p><!-- .dslc-button --><\/p><\/div>\n<p><!-- .dslc-module --><\/p>\n<div id=\"dslc-module-21fcfa56e07\" class=\"dslc-module-front dslc-module-DSLC_Logo dslc-in-viewport-check dslc-in-viewport-anim-none  dslc-col dslc-12-col dslc-last-col  dslc-module-handle-like-regular \" data-module-id=\"21fcfa56e07\" data-module=\"DSLC_Logo\" data-dslc-module-size=\"12\" data-dslc-anim=\"none\" data-dslc-anim-delay=\"\" data-dslc-anim-duration=\"650\"  data-dslc-anim-easing=\"ease\" data-dslc-preset=\"none\" >\n<div class=\"dslc-logo\">\n<p>\t\t\t\t\t\t\t\t\t\t\t\t\t<a href=\"https:\/\/sol.fm.br\/radio\/\" target=\"_self\"><br \/>\n\t\t\t\t\t\t\t\t\t<img decoding=\"async\" src=\"https:\/\/sol.fm.br\/radio\/wp-content\/uploads\/2023\/11\/cropped-Logo_Degrade_Principal2-70x70.png\" alt=\"\" title=\"\"   \/><br \/>\n\t\t\t\t\t\t\t\t\t<\/a><\/p><\/div>\n<\/p><\/div>\n<p><!-- .dslc-module -->\n\t\t<\/div>\n<\/div>\n<\/div>\n<\/div>\n<\/div><\/div>","protected":false},"excerpt":{"rendered":"<p>Fale com os comunicadores Player da R\u00e1dio<\/p>\n","protected":false},"author":2,"featured_media":0,"parent":0,"menu_order":0,"comment_status":"closed","ping_status":"closed","template":"","meta":{"footnotes":""},"class_list":["post-69522","page","type-page","status-publish","hentry"],"_links":{"self":[{"href":"https:\/\/sol.fm.br\/radio\/wp-json\/wp\/v2\/pages\/69522","targetHints":{"allow":["GET"]}}],"collection":[{"href":"https:\/\/sol.fm.br\/radio\/wp-json\/wp\/v2\/pages"}],"about":[{"href":"https:\/\/sol.fm.br\/radio\/wp-json\/wp\/v2\/types\/page"}],"author":[{"embeddable":true,"href":"https:\/\/sol.fm.br\/radio\/wp-json\/wp\/v2\/users\/2"}],"replies":[{"embeddable":true,"href":"https:\/\/sol.fm.br\/radio\/wp-json\/wp\/v2\/comments?post=69522"}],"version-history":[{"count":1,"href":"https:\/\/sol.fm.br\/radio\/wp-json\/wp\/v2\/pages\/69522\/revisions"}],"predecessor-version":[{"id":69523,"href":"https:\/\/sol.fm.br\/radio\/wp-json\/wp\/v2\/pages\/69522\/revisions\/69523"}],"wp:attachment":[{"href":"https:\/\/sol.fm.br\/radio\/wp-json\/wp\/v2\/media?parent=69522"}],"curies":[{"name":"wp","href":"https:\/\/api.w.org\/{rel}","templated":true}]}}